{"id":346,"date":"2024-11-01T16:31:14","date_gmt":"2024-11-01T15:31:14","guid":{"rendered":"http:\/\/www.noormahalsantamaria.com\/inicio\/"},"modified":"2025-08-29T15:46:43","modified_gmt":"2025-08-29T14:46:43","slug":"inicio","status":"publish","type":"page","link":"https:\/\/www.noormahalsantamaria.com\/es\/","title":{"rendered":"Inicio"},"content":{"rendered":"<p>[et_pb_section fb_built=\u00bb1&#8243; admin_label=\u00bbHeader\u00bb _builder_version=\u00bb4.27.4&#8243; _module_preset=\u00bbdefault\u00bb use_background_color_gradient=\u00bbon\u00bb background_color_gradient_direction=\u00bb90deg\u00bb background_color_gradient_stops=\u00bbrgba(0,0,0,0.74) 1%|rgba(0,0,0,0.44) 71%\u00bb background_color_gradient_overlays_image=\u00bbon\u00bb background_image=\u00bbhttps:\/\/www.noormahalsantamaria.com\/wp-content\/uploads\/2025\/03\/f9eac6ad-07ee-4ef1-af9d-b3a7a45f9d8e.jpeg\u00bb locked=\u00bboff\u00bb collapsed=\u00bboff\u00bb global_colors_info=\u00bb{}\u00bb][et_pb_row column_structure=\u00bb1_2,1_2&#8243; _builder_version=\u00bb4.25.1&#8243; _module_preset=\u00bbdefault\u00bb global_colors_info=\u00bb{}\u00bb][et_pb_column type=\u00bb1_2&#8243; _builder_version=\u00bb4.25.1&#8243; _module_preset=\u00bbdefault\u00bb global_colors_info=\u00bb{}\u00bb][et_pb_heading title=\u00bbNOOR MAHAL\u00bb _builder_version=\u00bb4.27.4&#8243; _module_preset=\u00bb17db3110-65a7-4b6e-b337-683ee6793f40&#8243; title_text_align=\u00bbcenter\u00bb title_text_color=\u00bb#ed2121&#8243; custom_margin=\u00bb||10px||false|false\u00bb global_colors_info=\u00bb{}\u00bb][\/et_pb_heading][et_pb_heading title=\u00bbSanta Mar\u00eda-Sanl\u00facar-Jerez\u00bb _builder_version=\u00bb4.27.4&#8243; _module_preset=\u00bb69f91024-2148-47be-ada1-db529b621e66&#8243; title_text_align=\u00bbcenter\u00bb title_text_color=\u00bb#FFFFFF\u00bb global_colors_info=\u00bb{}\u00bb][\/et_pb_heading][et_pb_image src=\u00bbhttp:\/\/www.noormahalsantamaria.com\/wp-content\/uploads\/2024\/10\/good-logo-noor-mahal.jpg\u00bb title_text=\u00bbgood-logo-noor-mahal\u00bb _builder_version=\u00bb4.27.2&#8243; _module_preset=\u00bbdefault\u00bb max_width=\u00bb300px\u00bb module_alignment=\u00bbcenter\u00bb custom_margin=\u00bb||30px||false|false\u00bb box_shadow_style=\u00bbpreset1&#8243; box_shadow_blur=\u00bb7px\u00bb box_shadow_color=\u00bb#FFFFFF\u00bb global_colors_info=\u00bb{}\u00bb][\/et_pb_image][et_pb_button button_url=\u00bbhttp:\/\/www.noormahalsantamaria.com\/book-now\/\u00bb button_text=\u00bbReserve Ahora\u00bb button_alignment=\u00bbcenter\u00bb _builder_version=\u00bb4.27.3&#8243; _module_preset=\u00bb540e5454-2537-47a8-85e1-572df1e9cbbc\u00bb button_font=\u00bb&#8211;et_global_heading_font|700||on|||||\u00bb button_use_icon=\u00bboff\u00bb][\/et_pb_button][\/et_pb_column][et_pb_column type=\u00bb1_2&#8243; _builder_version=\u00bb4.25.1&#8243; _module_preset=\u00bbdefault\u00bb global_colors_info=\u00bb{}\u00bb][\/et_pb_column][\/et_pb_row][\/et_pb_section][et_pb_section fb_built=\u00bb1&#8243; admin_label=\u00bbCall to Action\u00bb _builder_version=\u00bb4.25.1&#8243; _module_preset=\u00bbdefault\u00bb locked=\u00bboff\u00bb collapsed=\u00bboff\u00bb global_colors_info=\u00bb{}\u00bb][et_pb_row column_structure=\u00bb3_5,2_5&#8243; _builder_version=\u00bb4.25.1&#8243; _module_preset=\u00bbdefault\u00bb global_colors_info=\u00bb{}\u00bb][et_pb_column type=\u00bb3_5&#8243; _builder_version=\u00bb4.25.1&#8243; _module_preset=\u00bbdefault\u00bb global_colors_info=\u00bb{}\u00bb][et_pb_image src=\u00bbhttps:\/\/www.noormahalsantamaria.com\/wp-content\/uploads\/2025\/03\/ff02af54-6a58-4b83-be28-d658fa372633.jpeg\u00bb alt=\u00bbNoor Mahal Sanlucar\u00bb title_text=\u00bbff02af54-6a58-4b83-be28-d658fa372633&#8243; _builder_version=\u00bb4.27.4&#8243; _module_preset=\u00bbdefault\u00bb global_colors_info=\u00bb{}\u00bb][\/et_pb_image][\/et_pb_column][et_pb_column type=\u00bb2_5&#8243; _builder_version=\u00bb4.25.1&#8243; _module_preset=\u00bbdefault\u00bb global_colors_info=\u00bb{}\u00bb][et_pb_text _builder_version=\u00bb4.27.4&#8243; _module_preset=\u00bb_initial\u00bb global_colors_info=\u00bb{}\u00bb]<\/p>\n<p>Nos complace anunciar la fusi\u00f3n de Bollywood y Noor Mahal, basada en el extraordinario \u00e9xito de nuestros restaurantes de Jerez y Sanl\u00facar de Barrameda.<\/p>\n<p>Llevando los vibrantes sabores de la India a Santa Mar\u00eda, Noor Mahal se dedica a ofrecer una experiencia gastron\u00f3mica excepcional. Nos enorgullecemos de utilizar los mejores ingredientes para elaborar platos tradicionales que celebran la rica herencia culinaria de la India. <\/p>\n<p>Desde fragantes currys hasta delicias tandoori expertamente condimentadas, cada plato se prepara con autenticidad y pasi\u00f3n. Junto con nuestra c\u00e1lida hospitalidad y atento servicio, Noor Mahal te invita a un viaje inolvidable por los sabores de la India. <\/p>\n<p>\u00a1\u00danete a nosotros y saborea la verdadera esencia de la cocina india! Disponemos de servicio de comida para llevar y a domicilio. <\/p>\n<p>[\/et_pb_text][et_pb_button button_url=\u00bbhttp:\/\/www.noormahalsantamaria.com\/wp-content\/uploads\/2024\/10\/NOOR-MAHAL-Menu-2024.pdf\u00bb button_text=\u00bbMen\u00fa\u00bb button_alignment=\u00bbcenter\u00bb _builder_version=\u00bb4.27.4&#8243; _module_preset=\u00bb538f4386-a043-48bd-a246-57577157e1cf\u00bb button_text_color=\u00bb#FFFFFF\u00bb button_bg_color=\u00bb#E02B20&#8243; button_border_width=\u00bb0px\u00bb button_border_radius=\u00bb29px\u00bb button_font=\u00bb&#8211;et_global_heading_font|700||on|||||\u00bb button_use_icon=\u00bboff\u00bb hover_enabled=\u00bb0&#8243; global_colors_info=\u00bb{}\u00bb sticky_enabled=\u00bb0&#8243;][\/et_pb_button][\/et_pb_column][\/et_pb_row][\/et_pb_section][et_pb_section fb_built=\u00bb1&#8243; admin_label=\u00bbFeatured Menu\u00bb _builder_version=\u00bb4.25.1&#8243; _module_preset=\u00bbdefault\u00bb collapsed=\u00bboff\u00bb global_colors_info=\u00bb{}\u00bb][et_pb_row column_structure=\u00bb1_2,1_2&#8243; _builder_version=\u00bb4.25.1&#8243; _module_preset=\u00bbdefault\u00bb locked=\u00bboff\u00bb global_colors_info=\u00bb{}\u00bb][et_pb_column type=\u00bb1_2&#8243; _builder_version=\u00bb4.25.1&#8243; _module_preset=\u00bbdefault\u00bb global_colors_info=\u00bb{}\u00bb][et_pb_heading title=\u00bbAut\u00e9ntica Cocina India\u00bb _builder_version=\u00bb4.27.2&#8243; _module_preset=\u00bbde00621f-ba87-45ef-882c-13f0957c1220&#8243; custom_margin=\u00bb||10px||false|false\u00bb locked=\u00bboff\u00bb global_colors_info=\u00bb{}\u00bb][\/et_pb_heading][et_pb_text _builder_version=\u00bb4.27.4&#8243; _module_preset=\u00bb_initial\u00bb global_colors_info=\u00bb{}\u00bb]En Noor Mahal El Puerto Santa Mar\u00eda, te invitamos a experimentar la verdadera esencia de la cocina india, donde los sabores aut\u00e9nticos se mezclan a la perfecci\u00f3n con la comodidad y el servicio modernos. A nuestros chefs les apasiona elaborar cada plato para honrar las ricas tradiciones culinarias de la India, aportando especias vibrantes, colores atrevidos y sabores exquisitos a cada plato.   <\/p>\n<p>Desde cl\u00e1sicos tan queridos como el Pollo Tikka Masala y el Cordero Vindaloo hasta fragantes biryanis y naan reci\u00e9n horneado, cada plato refleja el alma de la cocina india. Lo m\u00e1s destacado de nuestra cocina es nuestro tradicional horno tandoor, un elemento esencial de la cocina india. Este horno de barro nos permite preparar suculentas especialidades tandoori como el Pollo Tikka y los Kebabs Seekh, marinados en una mezcla de especias arom\u00e1ticas y yogur antes de ser cocinados a fuego vivo para conseguir un sabor ahumado perfecto y una jugosa ternura. Nuestro tandoor tambi\u00e9n produce naan y roti frescos, con una textura suave y esponjosa y unos bordes deliciosamente carbonizados, perfectos para acompa\u00f1ar nuestros ricos currys especiados.     <\/p>\n<p>Con tres sedes en El Puerto de Santa Mar\u00eda, Jerez y Sanl\u00facar, Noor Mahal se dedica a ofrecer un servicio excepcional. Nuestro amable personal se asegura de que cada cliente se sienta bienvenido y valorado desde el momento en que cruza nuestras puertas. Nos esforzamos por crear un ambiente c\u00e1lido y acogedor donde puedas relajarte y disfrutar del aut\u00e9ntico sabor de la India.    <\/p>\n<p>Para quienes prefieren saborear nuestros sabores en casa, ofrecemos un c\u00f3modo servicio a domicilio. Tanto si se trata de una cena \u00edntima para dos como de una reuni\u00f3n con amigos y familiares, nuestro servicio de reparto garantiza que la misma calidad y sabor que te encantan lleguen frescos a tu puerta.   <\/p>\n<p>En Noor Mahal, estamos deseando compartir contigo los ricos sabores de la India.[\/et_pb_text][et_pb_button button_url=\u00bbhttp:\/\/www.noormahalsantamaria.com\/wp-content\/uploads\/2024\/10\/NOOR-MAHAL-Menu-2024.pdf\u00bb button_text=\u00bbMen\u00fa completo\u00bb button_alignment=\u00bbcenter\u00bb _builder_version=\u00bb4.27.4&#8243; _module_preset=\u00bb540e5454-2537-47a8-85e1-572df1e9cbbc\u00bb button_font=\u00bb&#8211;et_global_heading_font|700||on|||||\u00bb button_use_icon=\u00bboff\u00bb hover_enabled=\u00bb0&#8243; sticky_enabled=\u00bb0&#8243;][\/et_pb_button][\/et_pb_column][et_pb_column type=\u00bb1_2&#8243; _builder_version=\u00bb4.25.1&#8243; _module_preset=\u00bbdefault\u00bb global_colors_info=\u00bb{}\u00bb][et_pb_image src=\u00bbhttp:\/\/www.noormahalsantamaria.com\/wp-content\/uploads\/2024\/11\/mmmm.jpg\u00bb title_text=\u00bbmmmm\u00bb _builder_version=\u00bb4.27.2&#8243; _module_preset=\u00bbdefault\u00bb global_colors_info=\u00bb{}\u00bb][\/et_pb_image][\/et_pb_column][\/et_pb_row][\/et_pb_section][et_pb_section fb_built=\u00bb1&#8243; admin_label=\u00bbHome Delivery\u00bb _builder_version=\u00bb4.25.1&#8243; _module_preset=\u00bbdefault\u00bb global_module=\u00bb167&#8243; saved_tabs=\u00bball\u00bb locked=\u00bboff\u00bb collapsed=\u00bboff\u00bb global_colors_info=\u00bb{}\u00bb][et_pb_row _builder_version=\u00bb4.25.1&#8243; _module_preset=\u00bbdefault\u00bb custom_padding=\u00bb6%|6%|6%|6%|true|true\u00bb border_width_all=\u00bb4px\u00bb border_color_all=\u00bbgcid-2f5b30e8-0b99-49ac-8bde-95b2f7f6fb2c\u00bb locked=\u00bboff\u00bb global_colors_info=\u00bb{%22gcid-2f5b30e8-0b99-49ac-8bde-95b2f7f6fb2c%22:%91%22border_color_all%22%93}\u00bb][et_pb_column type=\u00bb4_4&#8243; _builder_version=\u00bb4.25.1&#8243; _module_preset=\u00bbdefault\u00bb global_colors_info=\u00bb{}\u00bb][et_pb_heading title=\u00bb\u00a1D\u00e9jenos cocinar a nosotros!\u00bb _builder_version=\u00bb4.27.2&#8243; _module_preset=\u00bbde00621f-ba87-45ef-882c-13f0957c1220&#8243; title_text_align=\u00bbcenter\u00bb custom_margin=\u00bb||10px||false|false\u00bb locked=\u00bboff\u00bb global_colors_info=\u00bb{}\u00bb][\/et_pb_heading][et_pb_heading title=\u00bb\u00a1Entrega a domicilio disponible!\u00bb _builder_version=\u00bb4.27.2&#8243; _module_preset=\u00bbc0c1789b-611a-4aa0-b563-ad78d26fc7b6&#8243; title_text_align=\u00bbcenter\u00bb custom_margin=\u00bb||10px||false|false\u00bb locked=\u00bboff\u00bb global_colors_info=\u00bb{}\u00bb][\/et_pb_heading][et_pb_text _builder_version=\u00bb4.27.2&#8243; _module_preset=\u00bb_initial\u00bb text_orientation=\u00bbcenter\u00bb global_colors_info=\u00bb{}\u00bb]<\/p>\n<p>Disfrute de las especias, los sabores y el sabor de la India en su propia casa. La comida india a domicilio aporta comodidad, variedad y la aut\u00e9ntica experiencia de los platos tradicionales, perfectos para cualquier antojo.<\/p>\n<p>[\/et_pb_text][et_pb_button button_text=\u00bbSanta Maria: 856 219 032-624 291 258&#8243; button_alignment=\u00bbcenter\u00bb _builder_version=\u00bb4.27.4&#8243; _module_preset=\u00bb074e6758-5caf-4104-96e3-382e9f88d8c3&#8243; button_bg_color=\u00bb#E02B20&#8243; button_border_radius=\u00bb29px\u00bb button_font=\u00bb&#8211;et_global_heading_font|700||on|||||\u00bb button_use_icon=\u00bboff\u00bb global_colors_info=\u00bb{}\u00bb][\/et_pb_button][et_pb_button button_text=\u00bbSanl\u00facar: 856 508 449-634 041 255&#8243; button_alignment=\u00bbcenter\u00bb _builder_version=\u00bb4.27.4&#8243; _module_preset=\u00bb074e6758-5caf-4104-96e3-382e9f88d8c3&#8243; button_bg_color=\u00bb#E02B20&#8243; button_border_radius=\u00bb29px\u00bb button_font=\u00bb&#8211;et_global_heading_font|700||on|||||\u00bb button_use_icon=\u00bboff\u00bb global_colors_info=\u00bb{}\u00bb][\/et_pb_button][et_pb_button button_text=\u00bbJerez: 956 407 137-641 142 012&#8243; button_alignment=\u00bbcenter\u00bb _builder_version=\u00bb4.27.4&#8243; _module_preset=\u00bb074e6758-5caf-4104-96e3-382e9f88d8c3&#8243; button_bg_color=\u00bb#E02B20&#8243; button_border_radius=\u00bb29px\u00bb button_font=\u00bb&#8211;et_global_heading_font|700||on|||||\u00bb button_use_icon=\u00bboff\u00bb global_colors_info=\u00bb{}\u00bb][\/et_pb_button][\/et_pb_column][\/et_pb_row][\/et_pb_section][et_pb_section fb_built=\u00bb1&#8243; _builder_version=\u00bb4.27.3&#8243; _module_preset=\u00bbdefault\u00bb global_colors_info=\u00bb{}\u00bb][et_pb_row _builder_version=\u00bb4.27.3&#8243; _module_preset=\u00bbdefault\u00bb global_colors_info=\u00bb{}\u00bb][et_pb_column type=\u00bb4_4&#8243; _builder_version=\u00bb4.27.3&#8243; _module_preset=\u00bbdefault\u00bb global_colors_info=\u00bb{}\u00bb][et_pb_button button_url=\u00bbhttp:\/\/www.noormahalsantamaria.com\/book-now\/\u00bb button_text=\u00bbReserve Ahora\u00bb button_alignment=\u00bbcenter\u00bb _builder_version=\u00bb4.27.3&#8243; _module_preset=\u00bb540e5454-2537-47a8-85e1-572df1e9cbbc\u00bb button_font=\u00bb&#8211;et_global_heading_font|700||on|||||\u00bb button_use_icon=\u00bboff\u00bb locked=\u00bboff\u00bb][\/et_pb_button][\/et_pb_column][\/et_pb_row][\/et_pb_section][et_pb_section fb_built=\u00bb1&#8243; admin_label=\u00bbFooter\u00bb _builder_version=\u00bb4.27.2&#8243; _module_preset=\u00bbdefault\u00bb module_alignment=\u00bbcenter\u00bb global_module=\u00bb76&#8243; saved_tabs=\u00bball\u00bb collapsed=\u00bboff\u00bb global_colors_info=\u00bb{}\u00bb][et_pb_row column_structure=\u00bb1_4,1_4,1_4,1_4&#8243; _builder_version=\u00bb4.25.1&#8243; _module_preset=\u00bbdefault\u00bb global_colors_info=\u00bb{}\u00bb][et_pb_column type=\u00bb1_4&#8243; _builder_version=\u00bb4.25.1&#8243; _module_preset=\u00bbdefault\u00bb global_colors_info=\u00bb{}\u00bb][et_pb_image src=\u00bbhttp:\/\/www.noormahalsantamaria.com\/wp-content\/uploads\/2024\/10\/noor-mahal-300&#215;265.png\u00bb title_text=\u00bbcomida indio noor mahal\u00bb align=\u00bbcenter\u00bb _builder_version=\u00bb4.27.2&#8243; _module_preset=\u00bbdefault\u00bb global_colors_info=\u00bb{}\u00bb][\/et_pb_image][et_pb_social_media_follow icon_color=\u00bb#E02B20&#8243; use_icon_font_size=\u00bbon\u00bb icon_font_size=\u00bb24px\u00bb _builder_version=\u00bb4.27.2&#8243; _module_preset=\u00bbdefault\u00bb text_orientation=\u00bbcenter\u00bb global_colors_info=\u00bb{}\u00bb][et_pb_social_media_follow_network social_network=\u00bbfacebook\u00bb url=\u00bbhttps:\/\/www.facebook.com\/noormahaljerez\u00bb _builder_version=\u00bb4.27.2&#8243; _module_preset=\u00bbdefault\u00bb global_colors_info=\u00bb{}\u00bb follow_button=\u00bboff\u00bb url_new_window=\u00bbon\u00bb]facebook[\/et_pb_social_media_follow_network][et_pb_social_media_follow_network social_network=\u00bbinstagram\u00bb url=\u00bbhttps:\/\/www.instagram.com\/noor_mahal_jerez\u00bb _builder_version=\u00bb4.27.2&#8243; _module_preset=\u00bbdefault\u00bb global_colors_info=\u00bb{}\u00bb follow_button=\u00bboff\u00bb url_new_window=\u00bbon\u00bb]instagram[\/et_pb_social_media_follow_network][\/et_pb_social_media_follow][et_pb_code _builder_version=\u00bb4.27.2&#8243; _module_preset=\u00bbdefault\u00bb global_colors_info=\u00bb{}\u00bb]<\/p>\n<div id=\"TA_cdsscrollingravenarrow418\" class=\"TA_cdsscrollingravenarrow\">\n<ul id=\"0UHiGLdb\" class=\"TA_links EO1ZmA8S\">\n<li id=\"YA9eEoS4Ns\" class=\"TW3JVMMnpQAI\"><a target=\"_blank\" href=\"https:\/\/www.tripadvisor.com\/Restaurant_Review-g227869-d13430357-Reviews-Restaurante_Noor_Mahal-Jerez_De_La_Frontera_Costa_de_la_Luz_Andalucia.html\" rel=\"noopener\"><img decoding=\"async\" src=\"https:\/\/static.tacdn.com\/img2\/brand_refresh\/Tripadvisor_lockup_vertical.svg\" alt=\"TripAdvisor\" class=\"widEXCIMG\" id=\"CDSWIDEXCLOGO\"><\/a><\/li>\n<\/ul>\n<\/div>\n<p><script async=\"\" src=\"https:\/\/www.jscache.com\/wejs?wtype=cdsscrollingravenarrow&amp;uniq=418&amp;locationId=13430357&amp;lang=en_US&amp;border=true&amp;shadow=true&amp;backgroundColor=gray&amp;display_version=2\" data-loadtrk=\"\" onload=\"this.loadtrk=true\"><\/script>[\/et_pb_code][\/et_pb_column][et_pb_column type=\u00bb1_4&#8243; _builder_version=\u00bb4.25.1&#8243; _module_preset=\u00bbdefault\u00bb global_colors_info=\u00bb{}\u00bb][et_pb_heading title=\u00bbSANTA MARIA-EL ANCLA\u00bb _builder_version=\u00bb4.27.4&#8243; _module_preset=\u00bb022cf0fc-66d0-4027-8388-afa6e1ba99af\u00bb title_text_align=\u00bbcenter\u00bb title_text_color=\u00bb#000000&#8243; title_font_size=\u00bb20px\u00bb custom_margin=\u00bb||10px||false|false\u00bb global_colors_info=\u00bb{}\u00bb][\/et_pb_heading][et_pb_text _builder_version=\u00bb4.27.4&#8243; _module_preset=\u00bb_initial\u00bb text_orientation=\u00bbcenter\u00bb global_colors_info=\u00bb{}\u00bb]C. Proa, 2, 11500<br \/>El Puerto de Sta Mar\u00eda, C\u00e1diz<br \/>Tel\u00e9fono:<br \/>856 219 032<br \/>624 291 258[\/et_pb_text][et_pb_code _builder_version=\u00bb4.27.4&#8243; _module_preset=\u00bbdefault\u00bb global_colors_info=\u00bb{}\u00bb]<iframe src=\"https:\/\/www.google.com\/maps\/embed?pb=!1m18!1m12!1m3!1d3202.8205623843087!2d-6.277081188341162!3d36.60663047218733!2m3!1f0!2f0!3f0!3m2!1i1024!2i768!4f13.1!3m3!1m2!1s0xd0dd1c0106ddd8f%3A0x21c3b6d22e9d4e83!2sBollywood%20Indian%20Restaurant%20El%20Ancla!5e0!3m2!1sen!2ses!4v1739616779544!5m2!1sen!2ses\" width=\"400\" height=\"300\" style=\"border:0;\" allowfullscreen=\"\" loading=\"lazy\" referrerpolicy=\"no-referrer-when-downgrade\"><\/iframe>[\/et_pb_code][\/et_pb_column][et_pb_column type=\u00bb1_4&#8243; _builder_version=\u00bb4.27.2&#8243; _module_preset=\u00bbdefault\u00bb global_colors_info=\u00bb{}\u00bb][et_pb_heading title=\u00bbJEREZ DE LA FRONTERA\u00bb _builder_version=\u00bb4.27.2&#8243; _module_preset=\u00bb022cf0fc-66d0-4027-8388-afa6e1ba99af\u00bb title_text_align=\u00bbcenter\u00bb title_text_color=\u00bb#000000&#8243; title_font_size=\u00bb20px\u00bb custom_margin=\u00bb||10px||false|false\u00bb global_colors_info=\u00bb{}\u00bb][\/et_pb_heading][et_pb_text _builder_version=\u00bb4.27.4&#8243; _module_preset=\u00bb_initial\u00bb text_orientation=\u00bbcenter\u00bb global_colors_info=\u00bb{}\u00bb]Av. del Ej\u00e9rcito, 11, 11405<br \/>Jerez de la Frontera,<br \/>C\u00e1diz<br \/>Tel\u00e9fono:<br \/>956 407 137<br \/>641 142 012[\/et_pb_text][et_pb_code _builder_version=\u00bb4.27.2&#8243; _module_preset=\u00bbdefault\u00bb global_colors_info=\u00bb{}\u00bb]<iframe src=\"https:\/\/www.google.com\/maps\/embed?pb=!1m18!1m12!1m3!1d3199.048185695646!2d-6.126798688413616!3d36.697379972161!2m3!1f0!2f0!3f0!3m2!1i1024!2i768!4f13.1!3m3!1m2!1s0xd0dc6c44c9ae4cd%3A0x34991b8ac7ad2be4!2sRestaurante%20Indio%20NOOR%20MAHAL%20Jerez!5e0!3m2!1sen!2ses!4v1730051606404!5m2!1sen!2ses\" width=\"400\" height=\"300\" style=\"border:0;\" allowfullscreen=\"\" loading=\"lazy\" referrerpolicy=\"no-referrer-when-downgrade\"><\/iframe>[\/et_pb_code][\/et_pb_column][et_pb_column type=\u00bb1_4&#8243; _builder_version=\u00bb4.27.2&#8243; _module_preset=\u00bbdefault\u00bb global_colors_info=\u00bb{}\u00bb][et_pb_heading title=\u00bbSANL\u00daCAR DE BARRAMEDA\u00bb _builder_version=\u00bb4.27.2&#8243; _module_preset=\u00bb022cf0fc-66d0-4027-8388-afa6e1ba99af\u00bb title_text_align=\u00bbcenter\u00bb title_text_color=\u00bb#000000&#8243; title_font_size=\u00bb20px\u00bb custom_margin=\u00bb||10px||false|false\u00bb locked=\u00bboff\u00bb global_colors_info=\u00bb{}\u00bb][\/et_pb_heading][et_pb_text _builder_version=\u00bb4.27.4&#8243; _module_preset=\u00bb_initial\u00bb text_orientation=\u00bbcenter\u00bb global_colors_info=\u00bb{}\u00bb]Calle Banda Playa, 15<br \/>11540 Sanl\u00facar de Barrameda, C\u00e1diz<br \/>Telephone:<br \/>856 508 449<br \/>634 041 255\u202c[\/et_pb_text][et_pb_code _builder_version=\u00bb4.27.2&#8243; _module_preset=\u00bbdefault\u00bb global_colors_info=\u00bb{}\u00bb]<iframe src=\"https:\/\/www.google.com\/maps\/embed?pb=!1m18!1m12!1m3!1d3195.5237588500195!2d-6.35457834051629!3d36.78199079386127!2m3!1f0!2f0!3f0!3m2!1i1024!2i768!4f13.1!3m3!1m2!1s0xd0ddffb304868fb%3A0x4251659204781b42!2sRestaurante%20Indio%20NOOR%20MAHAL%20Sanl%C3%BAcar!5e0!3m2!1sen!2ses!4v1730051700536!5m2!1sen!2ses\" width=\"400\" height=\"300\" style=\"border:0;\" allowfullscreen=\"\" loading=\"lazy\" referrerpolicy=\"no-referrer-when-downgrade\"><\/iframe>[\/et_pb_code][\/et_pb_column][\/et_pb_row][\/et_pb_section]<\/p>\n","protected":false},"excerpt":{"rendered":"<p>Nos complace anunciar la fusi\u00f3n de Bollywood y Noor Mahal, basada en el extraordinario \u00e9xito de nuestros restaurantes de Jerez y Sanl\u00facar de Barrameda. Llevando los vibrantes sabores de la India a Santa Mar\u00eda, Noor Mahal se dedica a ofrecer una experiencia gastron\u00f3mica excepcional. Nos enorgullecemos de utilizar los mejores ingredientes para elaborar platos tradicionales [&hellip;]<\/p>\n","protected":false},"author":3,"featured_media":0,"parent":0,"menu_order":0,"comment_status":"closed","ping_status":"closed","template":"","meta":{"_et_pb_use_builder":"on","_et_pb_old_content":"","_et_gb_content_width":"","footnotes":""},"class_list":["post-346","page","type-page","status-publish","hentry"],"_links":{"self":[{"href":"https:\/\/www.noormahalsantamaria.com\/es\/wp-json\/wp\/v2\/pages\/346","targetHints":{"allow":["GET"]}}],"collection":[{"href":"https:\/\/www.noormahalsantamaria.com\/es\/wp-json\/wp\/v2\/pages"}],"about":[{"href":"https:\/\/www.noormahalsantamaria.com\/es\/wp-json\/wp\/v2\/types\/page"}],"author":[{"embeddable":true,"href":"https:\/\/www.noormahalsantamaria.com\/es\/wp-json\/wp\/v2\/users\/3"}],"replies":[{"embeddable":true,"href":"https:\/\/www.noormahalsantamaria.com\/es\/wp-json\/wp\/v2\/comments?post=346"}],"version-history":[{"count":13,"href":"https:\/\/www.noormahalsantamaria.com\/es\/wp-json\/wp\/v2\/pages\/346\/revisions"}],"predecessor-version":[{"id":563,"href":"https:\/\/www.noormahalsantamaria.com\/es\/wp-json\/wp\/v2\/pages\/346\/revisions\/563"}],"wp:attachment":[{"href":"https:\/\/www.noormahalsantamaria.com\/es\/wp-json\/wp\/v2\/media?parent=346"}],"curies":[{"name":"wp","href":"https:\/\/api.w.org\/{rel}","templated":true}]}}